{"id":201,"date":"2024-09-21T09:22:00","date_gmt":"2024-09-21T07:22:00","guid":{"rendered":"https:\/\/zilelemaghiaretm.ro\/2024\/?page_id=201"},"modified":"2024-09-27T09:49:53","modified_gmt":"2024-09-27T07:49:53","slug":"despre-noi","status":"publish","type":"page","link":"https:\/\/zilelemaghiaretm.ro\/2024\/despre-noi\/","title":{"rendered":"Despre noi"},"content":{"rendered":"\t\t<div data-elementor-type=\"wp-page\" data-elementor-id=\"201\" class=\"elementor elementor-201\" data-elementor-post-type=\"page\">\n\t\t\t\t\t\t<section class=\"elementor-section elementor-top-section elementor-element elementor-element-6d5ab930 elementor-section-height-full elementor-section-items-top elementor-section-boxed elementor-section-height-default\" data-id=\"6d5ab930\" data-element_type=\"section\" data-settings=\"{&quot;background_background&quot;:&quot;classic&quot;}\">\n\t\t\t\t\t\t<div class=\"elementor-container elementor-column-gap-default\">\n\t\t\t\t\t<div class=\"elementor-column elementor-col-100 elementor-top-column elementor-element elementor-element-ace3a8b\" data-id=\"ace3a8b\" data-element_type=\"column\" data-settings=\"{&quot;background_background&quot;:&quot;classic&quot;}\">\n\t\t\t<div class=\"elementor-widget-wrap elementor-element-populated\">\n\t\t\t\t\t\t<div class=\"elementor-element elementor-element-66287fe elementor-widget elementor-widget-image\" data-id=\"66287fe\" data-element_type=\"widget\" data-widget_type=\"image.default\">\n\t\t\t\t<div class=\"elementor-widget-container\">\n\t\t\t<style>\/*! elementor - v3.23.0 - 05-08-2024 *\/\n.elementor-widget-image{text-align:center}.elementor-widget-image a{display:inline-block}.elementor-widget-image a img[src$=\".svg\"]{width:48px}.elementor-widget-image img{vertical-align:middle;display:inline-block}<\/style>\t\t\t\t\t\t\t\t\t\t<img fetchpriority=\"high\" decoding=\"async\" width=\"383\" height=\"226\" src=\"https:\/\/zilelemaghiaretm.ro\/2024\/wp-content\/uploads\/2024\/09\/varbastya-0.svg\" class=\"attachment-large size-large wp-image-193\" alt=\"\" \/>\t\t\t\t\t\t\t\t\t\t\t\t\t<\/div>\n\t\t\t\t<\/div>\n\t\t\t\t<div class=\"elementor-element elementor-element-3c989b92 elementor-widget elementor-widget-text-editor\" data-id=\"3c989b92\" data-element_type=\"widget\" data-widget_type=\"text-editor.default\">\n\t\t\t\t<div class=\"elementor-widget-container\">\n\t\t\t<style>\/*! elementor - v3.23.0 - 05-08-2024 *\/\n.elementor-widget-text-editor.elementor-drop-cap-view-stacked .elementor-drop-cap{background-color:#69727d;color:#fff}.elementor-widget-text-editor.elementor-drop-cap-view-framed .elementor-drop-cap{color:#69727d;border:3px solid;background-color:transparent}.elementor-widget-text-editor:not(.elementor-drop-cap-view-default) .elementor-drop-cap{margin-top:8px}.elementor-widget-text-editor:not(.elementor-drop-cap-view-default) .elementor-drop-cap-letter{width:1em;height:1em}.elementor-widget-text-editor .elementor-drop-cap{float:left;text-align:center;line-height:1;font-size:50px}.elementor-widget-text-editor .elementor-drop-cap-letter{display:inline-block}<\/style>\t\t\t\t<p><b>Asocia\u0163ia BASTION este o asocia\u021bie \u00eenfiin\u021bat\u0103 \u00een 2016, cu scopul de a sus\u021bine \u0219i a populariza valorile culturale ale minorit\u0103\u021bilor etnice din Banat precum \u0219i promovarea dialogului intercultural.<\/b><\/p><p>Unul din obiectivele principale ale asocia\u021biei este organizarea Zilelor Culturale Maghiare din Timi\u0219oara. Membrii fondatori ai asocia\u021biei sunt persoane fizice, reprezentan\u021bi ai ONG-urilor, ai institu\u021biilor culturale, educa\u021bionale \u0219i politice din Timi\u0219oara. Pre\u0219edintele organiza\u021biei este Tam\u00e1s P\u00e9ter, consulul onorific al Ungariei la Timi\u0219oara. Prezidiul organiza\u021biei este compus din: Erdei Ildik\u00f3, Gazda Istv\u00e1n, K\u00e1sa Zsolt, Szilv\u00e1gyi Zsolt, S\u00fct\u0151-Udvari Magdolna, Metz Rita. Deja \u00eenainte de \u00eenfiin\u021barea organiza\u021biei ca persoan\u0103 juridic\u0103, am deschis dialogul \u0219i am avut \u00eent\u00e2lniri cu reprezentan\u021bii institu\u021biilor locale \u0219i a organiza\u021biilor neguvernamentele care activeaz\u0103 \u00een domeniul culturii \u0219i a minorit\u0103\u021bilor etnice \u00een Timi\u0219oara pentru a pune temelia unei colabor\u0103ri \u00een ceea ce prive\u0219te organizarea acestui eveniment de mare anvergur\u0103. Prim\u0103ria Timi\u0219oara ne-a asigurat de sprijinul institu\u021bional \u00een ceea ce prive\u0219te organizarea Zilelor Culturale Maghiare din Timi\u0219oara.<\/p>\t\t\t\t\t\t<\/div>\n\t\t\t\t<\/div>\n\t\t\t\t\t<\/div>\n\t\t<\/div>\n\t\t\t\t\t<\/div>\n\t\t<\/section>\n\t\t\t\t<\/div>\n\t\t","protected":false},"excerpt":{"rendered":"<p>Asocia\u0163ia BASTION este o asocia\u021bie \u00eenfiin\u021bat\u0103 \u00een 2016, cu scopul de a sus\u021bine \u0219i a populariza valorile culturale ale minorit\u0103\u021bilor etnice din Banat precum \u0219i promovarea dialogului intercultural. Unul din obiectivele principale ale asocia\u021biei este organizarea Zilelor Culturale Maghiare din Timi\u0219oara. Membrii fondatori ai asocia\u021biei sunt persoane fizice, reprezentan\u021bi ai ONG-urilor, ai institu\u021biilor culturale, educa\u021bionale [&hellip;]<\/p>\n","protected":false},"author":1,"featured_media":102,"parent":0,"menu_order":0,"comment_status":"closed","ping_status":"closed","template":"","meta":{"footnotes":""},"class_list":["post-201","page","type-page","status-publish","has-post-thumbnail","hentry"],"yoast_head":"<!-- This site is optimized with the Yoast SEO plugin v23.4 - https:\/\/yoast.com\/wordpress\/plugins\/seo\/ -->\n<title>Despre noi - Zilele Culturale Maghiare din Timi\u0219oara, 20-24 septembrie 2023<\/title>\n<meta name=\"robots\" content=\"index, follow, max-snippet:-1, max-image-preview:large, max-video-preview:-1\" \/>\n<link rel=\"canonical\" href=\"https:\/\/zilelemaghiaretm.ro\/2024\/despre-noi\/\" \/>\n<meta property=\"og:locale\" content=\"hu_HU\" \/>\n<meta property=\"og:type\" content=\"article\" \/>\n<meta property=\"og:title\" content=\"Despre noi - Zilele Culturale Maghiare din Timi\u0219oara, 20-24 septembrie 2023\" \/>\n<meta property=\"og:description\" content=\"Asocia\u0163ia BASTION este o asocia\u021bie \u00eenfiin\u021bat\u0103 \u00een 2016, cu scopul de a sus\u021bine \u0219i a populariza valorile culturale ale minorit\u0103\u021bilor etnice din Banat precum \u0219i promovarea dialogului intercultural. Unul din obiectivele principale ale asocia\u021biei este organizarea Zilelor Culturale Maghiare din Timi\u0219oara. Membrii fondatori ai asocia\u021biei sunt persoane fizice, reprezentan\u021bi ai ONG-urilor, ai institu\u021biilor culturale, educa\u021bionale [&hellip;]\" \/>\n<meta property=\"og:url\" content=\"https:\/\/zilelemaghiaretm.ro\/2024\/despre-noi\/\" \/>\n<meta property=\"og:site_name\" content=\"Zilele Culturale Maghiare din Timi\u0219oara, 20-24 septembrie 2023\" \/>\n<meta property=\"article:modified_time\" content=\"2024-09-27T07:49:53+00:00\" \/>\n<meta property=\"og:image\" content=\"https:\/\/zilelemaghiaretm.ro\/2024\/wp-content\/uploads\/2024\/09\/TMN2024_FB_profil-cover_ro.jpg\" \/>\n\t<meta property=\"og:image:width\" content=\"1920\" \/>\n\t<meta property=\"og:image:height\" content=\"1080\" \/>\n\t<meta property=\"og:image:type\" content=\"image\/jpeg\" \/>\n<meta name=\"twitter:card\" content=\"summary_large_image\" \/>\n<meta name=\"twitter:label1\" content=\"Becs\u00fclt olvas\u00e1si id\u0151\" \/>\n\t<meta name=\"twitter:data1\" content=\"2 perc\" \/>\n<script type=\"application\/ld+json\" class=\"yoast-schema-graph\">{\"@context\":\"https:\/\/schema.org\",\"@graph\":[{\"@type\":\"WebPage\",\"@id\":\"https:\/\/zilelemaghiaretm.ro\/2024\/despre-noi\/\",\"url\":\"https:\/\/zilelemaghiaretm.ro\/2024\/despre-noi\/\",\"name\":\"Despre noi - Zilele Culturale Maghiare din Timi\u0219oara, 20-24 septembrie 2023\",\"isPartOf\":{\"@id\":\"https:\/\/zilelemaghiaretm.ro\/2024\/#website\"},\"primaryImageOfPage\":{\"@id\":\"https:\/\/zilelemaghiaretm.ro\/2024\/despre-noi\/#primaryimage\"},\"image\":{\"@id\":\"https:\/\/zilelemaghiaretm.ro\/2024\/despre-noi\/#primaryimage\"},\"thumbnailUrl\":\"https:\/\/zilelemaghiaretm.ro\/2024\/wp-content\/uploads\/2024\/09\/TMN2024_FB_profil-cover_ro.jpg\",\"datePublished\":\"2024-09-21T07:22:00+00:00\",\"dateModified\":\"2024-09-27T07:49:53+00:00\",\"breadcrumb\":{\"@id\":\"https:\/\/zilelemaghiaretm.ro\/2024\/despre-noi\/#breadcrumb\"},\"inLanguage\":\"hu\",\"potentialAction\":[{\"@type\":\"ReadAction\",\"target\":[\"https:\/\/zilelemaghiaretm.ro\/2024\/despre-noi\/\"]}]},{\"@type\":\"ImageObject\",\"inLanguage\":\"hu\",\"@id\":\"https:\/\/zilelemaghiaretm.ro\/2024\/despre-noi\/#primaryimage\",\"url\":\"https:\/\/zilelemaghiaretm.ro\/2024\/wp-content\/uploads\/2024\/09\/TMN2024_FB_profil-cover_ro.jpg\",\"contentUrl\":\"https:\/\/zilelemaghiaretm.ro\/2024\/wp-content\/uploads\/2024\/09\/TMN2024_FB_profil-cover_ro.jpg\",\"width\":1920,\"height\":1080},{\"@type\":\"BreadcrumbList\",\"@id\":\"https:\/\/zilelemaghiaretm.ro\/2024\/despre-noi\/#breadcrumb\",\"itemListElement\":[{\"@type\":\"ListItem\",\"position\":1,\"name\":\"Kezd\u0151lap\",\"item\":\"https:\/\/zilelemaghiaretm.ro\/2024\/\"},{\"@type\":\"ListItem\",\"position\":2,\"name\":\"Despre noi\"}]},{\"@type\":\"WebSite\",\"@id\":\"https:\/\/zilelemaghiaretm.ro\/2024\/#website\",\"url\":\"https:\/\/zilelemaghiaretm.ro\/2024\/\",\"name\":\"Zilele Culturale Maghiare din Timi\u0219oara, 20-24 septembrie 2023\",\"description\":\"\",\"potentialAction\":[{\"@type\":\"SearchAction\",\"target\":{\"@type\":\"EntryPoint\",\"urlTemplate\":\"https:\/\/zilelemaghiaretm.ro\/2024\/?s={search_term_string}\"},\"query-input\":{\"@type\":\"PropertyValueSpecification\",\"valueRequired\":true,\"valueName\":\"search_term_string\"}}],\"inLanguage\":\"hu\"}]}<\/script>\n<!-- \/ Yoast SEO plugin. -->","yoast_head_json":{"title":"Despre noi - Zilele Culturale Maghiare din Timi\u0219oara, 20-24 septembrie 2023","robots":{"index":"index","follow":"follow","max-snippet":"max-snippet:-1","max-image-preview":"max-image-preview:large","max-video-preview":"max-video-preview:-1"},"canonical":"https:\/\/zilelemaghiaretm.ro\/2024\/despre-noi\/","og_locale":"hu_HU","og_type":"article","og_title":"Despre noi - Zilele Culturale Maghiare din Timi\u0219oara, 20-24 septembrie 2023","og_description":"Asocia\u0163ia BASTION este o asocia\u021bie \u00eenfiin\u021bat\u0103 \u00een 2016, cu scopul de a sus\u021bine \u0219i a populariza valorile culturale ale minorit\u0103\u021bilor etnice din Banat precum \u0219i promovarea dialogului intercultural. Unul din obiectivele principale ale asocia\u021biei este organizarea Zilelor Culturale Maghiare din Timi\u0219oara. Membrii fondatori ai asocia\u021biei sunt persoane fizice, reprezentan\u021bi ai ONG-urilor, ai institu\u021biilor culturale, educa\u021bionale [&hellip;]","og_url":"https:\/\/zilelemaghiaretm.ro\/2024\/despre-noi\/","og_site_name":"Zilele Culturale Maghiare din Timi\u0219oara, 20-24 septembrie 2023","article_modified_time":"2024-09-27T07:49:53+00:00","og_image":[{"width":1920,"height":1080,"url":"https:\/\/zilelemaghiaretm.ro\/2024\/wp-content\/uploads\/2024\/09\/TMN2024_FB_profil-cover_ro.jpg","type":"image\/jpeg"}],"twitter_card":"summary_large_image","twitter_misc":{"Becs\u00fclt olvas\u00e1si id\u0151":"2 perc"},"schema":{"@context":"https:\/\/schema.org","@graph":[{"@type":"WebPage","@id":"https:\/\/zilelemaghiaretm.ro\/2024\/despre-noi\/","url":"https:\/\/zilelemaghiaretm.ro\/2024\/despre-noi\/","name":"Despre noi - Zilele Culturale Maghiare din Timi\u0219oara, 20-24 septembrie 2023","isPartOf":{"@id":"https:\/\/zilelemaghiaretm.ro\/2024\/#website"},"primaryImageOfPage":{"@id":"https:\/\/zilelemaghiaretm.ro\/2024\/despre-noi\/#primaryimage"},"image":{"@id":"https:\/\/zilelemaghiaretm.ro\/2024\/despre-noi\/#primaryimage"},"thumbnailUrl":"https:\/\/zilelemaghiaretm.ro\/2024\/wp-content\/uploads\/2024\/09\/TMN2024_FB_profil-cover_ro.jpg","datePublished":"2024-09-21T07:22:00+00:00","dateModified":"2024-09-27T07:49:53+00:00","breadcrumb":{"@id":"https:\/\/zilelemaghiaretm.ro\/2024\/despre-noi\/#breadcrumb"},"inLanguage":"hu","potentialAction":[{"@type":"ReadAction","target":["https:\/\/zilelemaghiaretm.ro\/2024\/despre-noi\/"]}]},{"@type":"ImageObject","inLanguage":"hu","@id":"https:\/\/zilelemaghiaretm.ro\/2024\/despre-noi\/#primaryimage","url":"https:\/\/zilelemaghiaretm.ro\/2024\/wp-content\/uploads\/2024\/09\/TMN2024_FB_profil-cover_ro.jpg","contentUrl":"https:\/\/zilelemaghiaretm.ro\/2024\/wp-content\/uploads\/2024\/09\/TMN2024_FB_profil-cover_ro.jpg","width":1920,"height":1080},{"@type":"BreadcrumbList","@id":"https:\/\/zilelemaghiaretm.ro\/2024\/despre-noi\/#breadcrumb","itemListElement":[{"@type":"ListItem","position":1,"name":"Kezd\u0151lap","item":"https:\/\/zilelemaghiaretm.ro\/2024\/"},{"@type":"ListItem","position":2,"name":"Despre noi"}]},{"@type":"WebSite","@id":"https:\/\/zilelemaghiaretm.ro\/2024\/#website","url":"https:\/\/zilelemaghiaretm.ro\/2024\/","name":"Zilele Culturale Maghiare din Timi\u0219oara, 20-24 septembrie 2023","description":"","potentialAction":[{"@type":"SearchAction","target":{"@type":"EntryPoint","urlTemplate":"https:\/\/zilelemaghiaretm.ro\/2024\/?s={search_term_string}"},"query-input":{"@type":"PropertyValueSpecification","valueRequired":true,"valueName":"search_term_string"}}],"inLanguage":"hu"}]}},"_links":{"self":[{"href":"https:\/\/zilelemaghiaretm.ro\/2024\/wp-json\/wp\/v2\/pages\/201","targetHints":{"allow":["GET"]}}],"collection":[{"href":"https:\/\/zilelemaghiaretm.ro\/2024\/wp-json\/wp\/v2\/pages"}],"about":[{"href":"https:\/\/zilelemaghiaretm.ro\/2024\/wp-json\/wp\/v2\/types\/page"}],"author":[{"embeddable":true,"href":"https:\/\/zilelemaghiaretm.ro\/2024\/wp-json\/wp\/v2\/users\/1"}],"replies":[{"embeddable":true,"href":"https:\/\/zilelemaghiaretm.ro\/2024\/wp-json\/wp\/v2\/comments?post=201"}],"version-history":[{"count":11,"href":"https:\/\/zilelemaghiaretm.ro\/2024\/wp-json\/wp\/v2\/pages\/201\/revisions"}],"predecessor-version":[{"id":436,"href":"https:\/\/zilelemaghiaretm.ro\/2024\/wp-json\/wp\/v2\/pages\/201\/revisions\/436"}],"wp:featuredmedia":[{"embeddable":true,"href":"https:\/\/zilelemaghiaretm.ro\/2024\/wp-json\/wp\/v2\/media\/102"}],"wp:attachment":[{"href":"https:\/\/zilelemaghiaretm.ro\/2024\/wp-json\/wp\/v2\/media?parent=201"}],"curies":[{"name":"wp","href":"https:\/\/api.w.org\/{rel}","templated":true}]}}