{"id":133,"date":"2025-09-17T18:38:32","date_gmt":"2025-09-17T18:38:32","guid":{"rendered":"https:\/\/zilelemaghiaretm.ro\/2025\/?page_id=133"},"modified":"2025-09-17T18:39:37","modified_gmt":"2025-09-17T18:39:37","slug":"stiri","status":"publish","type":"page","link":"https:\/\/zilelemaghiaretm.ro\/2025\/stiri\/","title":{"rendered":"\u0218tiri"},"content":{"rendered":"\t\t<div data-elementor-type=\"wp-page\" data-elementor-id=\"133\" class=\"elementor elementor-133\" data-elementor-post-type=\"page\">\n\t\t\t\t<div class=\"elementor-element elementor-element-33cb3d24 e-flex e-con-boxed e-con e-parent\" data-id=\"33cb3d24\" data-element_type=\"container\">\n\t\t\t\t\t<div class=\"e-con-inner\">\n\t\t\t\t\t<\/div>\n\t\t\t\t<\/div>\n\t\t\t\t<section class=\"elementor-section elementor-top-section elementor-element elementor-element-e9739c elementor-section-height-min-height elementor-section-items-top elementor-section-boxed elementor-section-height-default\" data-id=\"e9739c\" data-element_type=\"section\" data-settings=\"{&quot;background_background&quot;:&quot;classic&quot;}\">\n\t\t\t\t\t\t<div class=\"elementor-container elementor-column-gap-default\">\n\t\t\t\t\t<div class=\"elementor-column elementor-col-100 elementor-top-column elementor-element elementor-element-261b0644\" data-id=\"261b0644\" data-element_type=\"column\" data-settings=\"{&quot;background_background&quot;:&quot;classic&quot;}\">\n\t\t\t<div class=\"elementor-widget-wrap elementor-element-populated\">\n\t\t\t\t\t\t<div class=\"elementor-element elementor-element-c0986cc elementor-posts--align-center elementor-posts__hover-none elementor-grid-2 elementor-grid-tablet-2 elementor-grid-mobile-1 elementor-posts--thumbnail-top elementor-card-shadow-yes elementor-widget elementor-widget-posts\" data-id=\"c0986cc\" data-element_type=\"widget\" data-settings=\"{&quot;cards_masonry&quot;:&quot;yes&quot;,&quot;cards_row_gap&quot;:{&quot;unit&quot;:&quot;px&quot;,&quot;size&quot;:30,&quot;sizes&quot;:[]},&quot;cards_columns&quot;:&quot;2&quot;,&quot;cards_columns_tablet&quot;:&quot;2&quot;,&quot;cards_columns_mobile&quot;:&quot;1&quot;,&quot;cards_row_gap_tablet&quot;:{&quot;unit&quot;:&quot;px&quot;,&quot;size&quot;:&quot;&quot;,&quot;sizes&quot;:[]},&quot;cards_row_gap_mobile&quot;:{&quot;unit&quot;:&quot;px&quot;,&quot;size&quot;:&quot;&quot;,&quot;sizes&quot;:[]}}\" data-widget_type=\"posts.cards\">\n\t\t\t\t<div class=\"elementor-widget-container\">\n\t\t\t\t\t\t\t<div class=\"elementor-posts-container elementor-posts elementor-posts--skin-cards elementor-grid\" role=\"list\">\n\t\t\t\t<article class=\"elementor-post elementor-grid-item post-131 post type-post status-publish format-standard has-post-thumbnail hentry category-uncategorized\" role=\"listitem\">\n\t\t\t<div class=\"elementor-post__card\">\n\t\t\t\t<a class=\"elementor-post__thumbnail__link\" href=\"https:\/\/zilelemaghiaretm.ro\/2025\/concert-edda-muvek\/\" tabindex=\"-1\" ><div class=\"elementor-post__thumbnail\"><img fetchpriority=\"high\" decoding=\"async\" width=\"1280\" height=\"720\" src=\"https:\/\/zilelemaghiaretm.ro\/2025\/wp-content\/uploads\/2025\/09\/Edda-w-1.jpg\" class=\"attachment-full size-full wp-image-109\" alt=\"\" srcset=\"https:\/\/zilelemaghiaretm.ro\/2025\/wp-content\/uploads\/2025\/09\/Edda-w-1.jpg 1280w, https:\/\/zilelemaghiaretm.ro\/2025\/wp-content\/uploads\/2025\/09\/Edda-w-1-300x169.jpg 300w, https:\/\/zilelemaghiaretm.ro\/2025\/wp-content\/uploads\/2025\/09\/Edda-w-1-1024x576.jpg 1024w, https:\/\/zilelemaghiaretm.ro\/2025\/wp-content\/uploads\/2025\/09\/Edda-w-1-768x432.jpg 768w\" sizes=\"(max-width: 1280px) 100vw, 1280px\" \/><\/div><\/a>\n\t\t\t\t<div class=\"elementor-post__text\">\n\t\t\t\t<h3 class=\"elementor-post__title\">\n\t\t\t<a href=\"https:\/\/zilelemaghiaretm.ro\/2025\/concert-edda-muvek\/\" >\n\t\t\t\tConcert EDDA M\u0171vek\t\t\t<\/a>\n\t\t<\/h3>\n\t\t\t\t<\/div>\n\t\t\t\t\t<\/div>\n\t\t<\/article>\n\t\t\t\t<article class=\"elementor-post elementor-grid-item post-129 post type-post status-publish format-standard has-post-thumbnail hentry category-uncategorized\" role=\"listitem\">\n\t\t\t<div class=\"elementor-post__card\">\n\t\t\t\t<a class=\"elementor-post__thumbnail__link\" href=\"https:\/\/zilelemaghiaretm.ro\/2025\/concert-ruzsa-magdi\/\" tabindex=\"-1\" ><div class=\"elementor-post__thumbnail\"><img decoding=\"async\" width=\"1280\" height=\"720\" src=\"https:\/\/zilelemaghiaretm.ro\/2025\/wp-content\/uploads\/2025\/09\/Ruzsa-Magdi-w-1.jpg\" class=\"attachment-full size-full wp-image-114\" alt=\"\" srcset=\"https:\/\/zilelemaghiaretm.ro\/2025\/wp-content\/uploads\/2025\/09\/Ruzsa-Magdi-w-1.jpg 1280w, https:\/\/zilelemaghiaretm.ro\/2025\/wp-content\/uploads\/2025\/09\/Ruzsa-Magdi-w-1-300x169.jpg 300w, https:\/\/zilelemaghiaretm.ro\/2025\/wp-content\/uploads\/2025\/09\/Ruzsa-Magdi-w-1-1024x576.jpg 1024w, https:\/\/zilelemaghiaretm.ro\/2025\/wp-content\/uploads\/2025\/09\/Ruzsa-Magdi-w-1-768x432.jpg 768w\" sizes=\"(max-width: 1280px) 100vw, 1280px\" \/><\/div><\/a>\n\t\t\t\t<div class=\"elementor-post__text\">\n\t\t\t\t<h3 class=\"elementor-post__title\">\n\t\t\t<a href=\"https:\/\/zilelemaghiaretm.ro\/2025\/concert-ruzsa-magdi\/\" >\n\t\t\t\tConcert R\u00fazsa Magdi\t\t\t<\/a>\n\t\t<\/h3>\n\t\t\t\t<\/div>\n\t\t\t\t\t<\/div>\n\t\t<\/article>\n\t\t\t\t<article class=\"elementor-post elementor-grid-item post-127 post type-post status-publish format-standard has-post-thumbnail hentry category-uncategorized\" role=\"listitem\">\n\t\t\t<div class=\"elementor-post__card\">\n\t\t\t\t<a class=\"elementor-post__thumbnail__link\" href=\"https:\/\/zilelemaghiaretm.ro\/2025\/zambetul-campiei-transilvaniei-spectacol-al-ansamblului-de-dansuri-muresul\/\" tabindex=\"-1\" ><div class=\"elementor-post__thumbnail\"><img decoding=\"async\" width=\"1280\" height=\"721\" src=\"https:\/\/zilelemaghiaretm.ro\/2025\/wp-content\/uploads\/2025\/09\/Neptancgala-w.jpg\" class=\"attachment-full size-full wp-image-113\" alt=\"\" srcset=\"https:\/\/zilelemaghiaretm.ro\/2025\/wp-content\/uploads\/2025\/09\/Neptancgala-w.jpg 1280w, https:\/\/zilelemaghiaretm.ro\/2025\/wp-content\/uploads\/2025\/09\/Neptancgala-w-300x169.jpg 300w, https:\/\/zilelemaghiaretm.ro\/2025\/wp-content\/uploads\/2025\/09\/Neptancgala-w-1024x577.jpg 1024w, https:\/\/zilelemaghiaretm.ro\/2025\/wp-content\/uploads\/2025\/09\/Neptancgala-w-768x433.jpg 768w\" sizes=\"(max-width: 1280px) 100vw, 1280px\" \/><\/div><\/a>\n\t\t\t\t<div class=\"elementor-post__text\">\n\t\t\t\t<h3 class=\"elementor-post__title\">\n\t\t\t<a href=\"https:\/\/zilelemaghiaretm.ro\/2025\/zambetul-campiei-transilvaniei-spectacol-al-ansamblului-de-dansuri-muresul\/\" >\n\t\t\t\tZ\u00e2mbetul C\u00e2mpiei Transilvaniei &#8211; spectacol al Ansamblului de dansuri Mure\u0219ul\t\t\t<\/a>\n\t\t<\/h3>\n\t\t\t\t<\/div>\n\t\t\t\t\t<\/div>\n\t\t<\/article>\n\t\t\t\t<article class=\"elementor-post elementor-grid-item post-125 post type-post status-publish format-standard has-post-thumbnail hentry category-uncategorized\" role=\"listitem\">\n\t\t\t<div class=\"elementor-post__card\">\n\t\t\t\t<a class=\"elementor-post__thumbnail__link\" href=\"https:\/\/zilelemaghiaretm.ro\/2025\/concertul-tarafului-din-ceuas\/\" tabindex=\"-1\" ><div class=\"elementor-post__thumbnail\"><img loading=\"lazy\" decoding=\"async\" width=\"1280\" height=\"720\" src=\"https:\/\/zilelemaghiaretm.ro\/2025\/wp-content\/uploads\/2025\/09\/szaszcsavasi-zenekar-w.jpg\" class=\"attachment-full size-full wp-image-117\" alt=\"\" srcset=\"https:\/\/zilelemaghiaretm.ro\/2025\/wp-content\/uploads\/2025\/09\/szaszcsavasi-zenekar-w.jpg 1280w, https:\/\/zilelemaghiaretm.ro\/2025\/wp-content\/uploads\/2025\/09\/szaszcsavasi-zenekar-w-300x169.jpg 300w, https:\/\/zilelemaghiaretm.ro\/2025\/wp-content\/uploads\/2025\/09\/szaszcsavasi-zenekar-w-1024x576.jpg 1024w, https:\/\/zilelemaghiaretm.ro\/2025\/wp-content\/uploads\/2025\/09\/szaszcsavasi-zenekar-w-768x432.jpg 768w\" sizes=\"(max-width: 1280px) 100vw, 1280px\" \/><\/div><\/a>\n\t\t\t\t<div class=\"elementor-post__text\">\n\t\t\t\t<h3 class=\"elementor-post__title\">\n\t\t\t<a href=\"https:\/\/zilelemaghiaretm.ro\/2025\/concertul-tarafului-din-ceuas\/\" >\n\t\t\t\tConcertul Tarafului din Ceua\u0219\t\t\t<\/a>\n\t\t<\/h3>\n\t\t\t\t<\/div>\n\t\t\t\t\t<\/div>\n\t\t<\/article>\n\t\t\t\t<article class=\"elementor-post elementor-grid-item post-123 post type-post status-publish format-standard has-post-thumbnail hentry category-uncategorized\" role=\"listitem\">\n\t\t\t<div class=\"elementor-post__card\">\n\t\t\t\t<a class=\"elementor-post__thumbnail__link\" href=\"https:\/\/zilelemaghiaretm.ro\/2025\/concert-erika-szakacs\/\" tabindex=\"-1\" ><div class=\"elementor-post__thumbnail\"><img loading=\"lazy\" decoding=\"async\" width=\"1280\" height=\"720\" src=\"https:\/\/zilelemaghiaretm.ro\/2025\/wp-content\/uploads\/2025\/09\/Szakacs-Erika-w-1.jpg\" class=\"attachment-full size-full wp-image-116\" alt=\"\" srcset=\"https:\/\/zilelemaghiaretm.ro\/2025\/wp-content\/uploads\/2025\/09\/Szakacs-Erika-w-1.jpg 1280w, https:\/\/zilelemaghiaretm.ro\/2025\/wp-content\/uploads\/2025\/09\/Szakacs-Erika-w-1-300x169.jpg 300w, https:\/\/zilelemaghiaretm.ro\/2025\/wp-content\/uploads\/2025\/09\/Szakacs-Erika-w-1-1024x576.jpg 1024w, https:\/\/zilelemaghiaretm.ro\/2025\/wp-content\/uploads\/2025\/09\/Szakacs-Erika-w-1-768x432.jpg 768w\" sizes=\"(max-width: 1280px) 100vw, 1280px\" \/><\/div><\/a>\n\t\t\t\t<div class=\"elementor-post__text\">\n\t\t\t\t<h3 class=\"elementor-post__title\">\n\t\t\t<a href=\"https:\/\/zilelemaghiaretm.ro\/2025\/concert-erika-szakacs\/\" >\n\t\t\t\tConcert Erika Szak\u00e1cs\t\t\t<\/a>\n\t\t<\/h3>\n\t\t\t\t<\/div>\n\t\t\t\t\t<\/div>\n\t\t<\/article>\n\t\t\t\t<article class=\"elementor-post elementor-grid-item post-121 post type-post status-publish format-standard has-post-thumbnail hentry category-uncategorized\" role=\"listitem\">\n\t\t\t<div class=\"elementor-post__card\">\n\t\t\t\t<a class=\"elementor-post__thumbnail__link\" href=\"https:\/\/zilelemaghiaretm.ro\/2025\/interactiuni-harpa-pensula\/\" tabindex=\"-1\" ><div class=\"elementor-post__thumbnail\"><img loading=\"lazy\" decoding=\"async\" width=\"1280\" height=\"720\" src=\"https:\/\/zilelemaghiaretm.ro\/2025\/wp-content\/uploads\/2025\/09\/Harfa-szombat-w.jpg\" class=\"attachment-full size-full wp-image-110\" alt=\"\" srcset=\"https:\/\/zilelemaghiaretm.ro\/2025\/wp-content\/uploads\/2025\/09\/Harfa-szombat-w.jpg 1280w, https:\/\/zilelemaghiaretm.ro\/2025\/wp-content\/uploads\/2025\/09\/Harfa-szombat-w-300x169.jpg 300w, https:\/\/zilelemaghiaretm.ro\/2025\/wp-content\/uploads\/2025\/09\/Harfa-szombat-w-1024x576.jpg 1024w, https:\/\/zilelemaghiaretm.ro\/2025\/wp-content\/uploads\/2025\/09\/Harfa-szombat-w-768x432.jpg 768w\" sizes=\"(max-width: 1280px) 100vw, 1280px\" \/><\/div><\/a>\n\t\t\t\t<div class=\"elementor-post__text\">\n\t\t\t\t<h3 class=\"elementor-post__title\">\n\t\t\t<a href=\"https:\/\/zilelemaghiaretm.ro\/2025\/interactiuni-harpa-pensula\/\" >\n\t\t\t\tInterac\u021biuni (harp\u0103 &#8211; pensul\u0103)\t\t\t<\/a>\n\t\t<\/h3>\n\t\t\t\t<\/div>\n\t\t\t\t\t<\/div>\n\t\t<\/article>\n\t\t\t\t<article class=\"elementor-post elementor-grid-item post-119 post type-post status-publish format-standard has-post-thumbnail hentry category-uncategorized\" role=\"listitem\">\n\t\t\t<div class=\"elementor-post__card\">\n\t\t\t\t<a class=\"elementor-post__thumbnail__link\" href=\"https:\/\/zilelemaghiaretm.ro\/2025\/fii-verde-cu-noi\/\" tabindex=\"-1\" ><div class=\"elementor-post__thumbnail\"><img loading=\"lazy\" decoding=\"async\" width=\"1280\" height=\"720\" src=\"https:\/\/zilelemaghiaretm.ro\/2025\/wp-content\/uploads\/2025\/09\/zold-w.jpg\" class=\"attachment-full size-full wp-image-108\" alt=\"\" srcset=\"https:\/\/zilelemaghiaretm.ro\/2025\/wp-content\/uploads\/2025\/09\/zold-w.jpg 1280w, https:\/\/zilelemaghiaretm.ro\/2025\/wp-content\/uploads\/2025\/09\/zold-w-300x169.jpg 300w, https:\/\/zilelemaghiaretm.ro\/2025\/wp-content\/uploads\/2025\/09\/zold-w-1024x576.jpg 1024w, https:\/\/zilelemaghiaretm.ro\/2025\/wp-content\/uploads\/2025\/09\/zold-w-768x432.jpg 768w\" sizes=\"(max-width: 1280px) 100vw, 1280px\" \/><\/div><\/a>\n\t\t\t\t<div class=\"elementor-post__text\">\n\t\t\t\t<h3 class=\"elementor-post__title\">\n\t\t\t<a href=\"https:\/\/zilelemaghiaretm.ro\/2025\/fii-verde-cu-noi\/\" >\n\t\t\t\tFii verde cu noi!\t\t\t<\/a>\n\t\t<\/h3>\n\t\t\t\t<\/div>\n\t\t\t\t\t<\/div>\n\t\t<\/article>\n\t\t\t\t<article class=\"elementor-post elementor-grid-item post-106 post type-post status-publish format-standard has-post-thumbnail hentry category-uncategorized\" role=\"listitem\">\n\t\t\t<div class=\"elementor-post__card\">\n\t\t\t\t<a class=\"elementor-post__thumbnail__link\" href=\"https:\/\/zilelemaghiaretm.ro\/2025\/reprezentante-turistice\/\" tabindex=\"-1\" ><div class=\"elementor-post__thumbnail\"><img loading=\"lazy\" decoding=\"async\" width=\"1280\" height=\"720\" src=\"https:\/\/zilelemaghiaretm.ro\/2025\/wp-content\/uploads\/2025\/09\/turisztika-w.jpg\" class=\"attachment-full size-full wp-image-107\" alt=\"\" srcset=\"https:\/\/zilelemaghiaretm.ro\/2025\/wp-content\/uploads\/2025\/09\/turisztika-w.jpg 1280w, https:\/\/zilelemaghiaretm.ro\/2025\/wp-content\/uploads\/2025\/09\/turisztika-w-300x169.jpg 300w, https:\/\/zilelemaghiaretm.ro\/2025\/wp-content\/uploads\/2025\/09\/turisztika-w-1024x576.jpg 1024w, https:\/\/zilelemaghiaretm.ro\/2025\/wp-content\/uploads\/2025\/09\/turisztika-w-768x432.jpg 768w\" sizes=\"(max-width: 1280px) 100vw, 1280px\" \/><\/div><\/a>\n\t\t\t\t<div class=\"elementor-post__text\">\n\t\t\t\t<h3 class=\"elementor-post__title\">\n\t\t\t<a href=\"https:\/\/zilelemaghiaretm.ro\/2025\/reprezentante-turistice\/\" >\n\t\t\t\tReprezentan\u021be turistice\t\t\t<\/a>\n\t\t<\/h3>\n\t\t\t\t<\/div>\n\t\t\t\t\t<\/div>\n\t\t<\/article>\n\t\t\t\t<article class=\"elementor-post elementor-grid-item post-103 post type-post status-publish format-standard has-post-thumbnail hentry category-uncategorized\" role=\"listitem\">\n\t\t\t<div class=\"elementor-post__card\">\n\t\t\t\t<a class=\"elementor-post__thumbnail__link\" href=\"https:\/\/zilelemaghiaretm.ro\/2025\/zilele-culturii-maghiare-din-timisoara-2025-sarbatoare-intalnire-comunitate\/\" tabindex=\"-1\" ><div class=\"elementor-post__thumbnail\"><img loading=\"lazy\" decoding=\"async\" width=\"1920\" height=\"1080\" src=\"https:\/\/zilelemaghiaretm.ro\/2025\/wp-content\/uploads\/2025\/08\/TMN2025_FB-cover-ro.jpg\" class=\"attachment-full size-full wp-image-13\" alt=\"\" srcset=\"https:\/\/zilelemaghiaretm.ro\/2025\/wp-content\/uploads\/2025\/08\/TMN2025_FB-cover-ro.jpg 1920w, https:\/\/zilelemaghiaretm.ro\/2025\/wp-content\/uploads\/2025\/08\/TMN2025_FB-cover-ro-300x169.jpg 300w, https:\/\/zilelemaghiaretm.ro\/2025\/wp-content\/uploads\/2025\/08\/TMN2025_FB-cover-ro-1024x576.jpg 1024w, https:\/\/zilelemaghiaretm.ro\/2025\/wp-content\/uploads\/2025\/08\/TMN2025_FB-cover-ro-768x432.jpg 768w, https:\/\/zilelemaghiaretm.ro\/2025\/wp-content\/uploads\/2025\/08\/TMN2025_FB-cover-ro-1536x864.jpg 1536w\" sizes=\"(max-width: 1920px) 100vw, 1920px\" \/><\/div><\/a>\n\t\t\t\t<div class=\"elementor-post__text\">\n\t\t\t\t<h3 class=\"elementor-post__title\">\n\t\t\t<a href=\"https:\/\/zilelemaghiaretm.ro\/2025\/zilele-culturii-maghiare-din-timisoara-2025-sarbatoare-intalnire-comunitate\/\" >\n\t\t\t\tZilele Culturii Maghiare din Timi\u0219oara 2025 \u2013 S\u0103rb\u0103toare, \u00eent\u00e2lnire, comunitate\t\t\t<\/a>\n\t\t<\/h3>\n\t\t\t\t<\/div>\n\t\t\t\t\t<\/div>\n\t\t<\/article>\n\t\t\t\t<\/div>\n\t\t\n\t\t\t\t\t\t<\/div>\n\t\t\t\t<\/div>\n\t\t\t\t\t<\/div>\n\t\t<\/div>\n\t\t\t\t\t<\/div>\n\t\t<\/section>\n\t\t\t\t<\/div>\n\t\t","protected":false},"excerpt":{"rendered":"","protected":false},"author":1,"featured_media":13,"parent":0,"menu_order":0,"comment_status":"closed","ping_status":"closed","template":"","meta":{"_eb_attr":"","footnotes":""},"class_list":["post-133","page","type-page","status-publish","has-post-thumbnail","hentry"],"_links":{"self":[{"href":"https:\/\/zilelemaghiaretm.ro\/2025\/wp-json\/wp\/v2\/pages\/133","targetHints":{"allow":["GET"]}}],"collection":[{"href":"https:\/\/zilelemaghiaretm.ro\/2025\/wp-json\/wp\/v2\/pages"}],"about":[{"href":"https:\/\/zilelemaghiaretm.ro\/2025\/wp-json\/wp\/v2\/types\/page"}],"author":[{"embeddable":true,"href":"https:\/\/zilelemaghiaretm.ro\/2025\/wp-json\/wp\/v2\/users\/1"}],"replies":[{"embeddable":true,"href":"https:\/\/zilelemaghiaretm.ro\/2025\/wp-json\/wp\/v2\/comments?post=133"}],"version-history":[{"count":5,"href":"https:\/\/zilelemaghiaretm.ro\/2025\/wp-json\/wp\/v2\/pages\/133\/revisions"}],"predecessor-version":[{"id":260,"href":"https:\/\/zilelemaghiaretm.ro\/2025\/wp-json\/wp\/v2\/pages\/133\/revisions\/260"}],"wp:featuredmedia":[{"embeddable":true,"href":"https:\/\/zilelemaghiaretm.ro\/2025\/wp-json\/wp\/v2\/media\/13"}],"wp:attachment":[{"href":"https:\/\/zilelemaghiaretm.ro\/2025\/wp-json\/wp\/v2\/media?parent=133"}],"curies":[{"name":"wp","href":"https:\/\/api.w.org\/{rel}","templated":true}]}}