{"id":141,"date":"2025-09-17T18:41:15","date_gmt":"2025-09-17T18:41:15","guid":{"rendered":"https:\/\/zilelemaghiaretm.ro\/2025\/?page_id=141"},"modified":"2025-09-17T18:42:40","modified_gmt":"2025-09-17T18:42:40","slug":"despre-noi","status":"publish","type":"page","link":"https:\/\/zilelemaghiaretm.ro\/2025\/despre-noi\/","title":{"rendered":"Despre noi"},"content":{"rendered":"\t\t<div data-elementor-type=\"wp-page\" data-elementor-id=\"141\" class=\"elementor elementor-141\" data-elementor-post-type=\"page\">\n\t\t\t\t\t\t<section class=\"elementor-section elementor-top-section elementor-element elementor-element-17c5f9ae elementor-section-height-full elementor-section-items-top elementor-section-boxed elementor-section-height-default\" data-id=\"17c5f9ae\" data-element_type=\"section\" data-settings=\"{&quot;background_background&quot;:&quot;classic&quot;}\">\n\t\t\t\t\t\t<div class=\"elementor-container elementor-column-gap-default\">\n\t\t\t\t\t<div class=\"elementor-column elementor-col-100 elementor-top-column elementor-element elementor-element-14f55edb\" data-id=\"14f55edb\" data-element_type=\"column\" data-settings=\"{&quot;background_background&quot;:&quot;classic&quot;}\">\n\t\t\t<div class=\"elementor-widget-wrap elementor-element-populated\">\n\t\t\t\t\t\t<div class=\"elementor-element elementor-element-14f53e68 elementor-widget elementor-widget-image\" data-id=\"14f53e68\" data-element_type=\"widget\" data-widget_type=\"image.default\">\n\t\t\t\t\t\t\t\t\t\t\t\t\t\t\t<img fetchpriority=\"high\" decoding=\"async\" width=\"383\" height=\"226\" src=\"https:\/\/zilelemaghiaretm.ro\/2025\/wp-content\/uploads\/2025\/09\/varbastya-0.svg\" class=\"attachment-large size-large wp-image-143\" alt=\"\" \/>\t\t\t\t\t\t\t\t\t\t\t\t\t\t\t<\/div>\n\t\t\t\t<div class=\"elementor-element elementor-element-7ddd4d9b elementor-widget elementor-widget-text-editor\" data-id=\"7ddd4d9b\" data-element_type=\"widget\" data-widget_type=\"text-editor.default\">\n\t\t\t\t\t\t\t\t\t<p><b>Asocia\u0163ia BASTION este o asocia\u021bie \u00eenfiin\u021bat\u0103 \u00een 2016, cu scopul de a sus\u021bine \u0219i a populariza valorile culturale ale minorit\u0103\u021bilor etnice din Banat precum \u0219i promovarea dialogului intercultural.<\/b><\/p><p>Unul din obiectivele principale ale asocia\u021biei este organizarea Zilelor Culturale Maghiare din Timi\u0219oara. Membrii fondatori ai asocia\u021biei sunt persoane fizice, reprezentan\u021bi ai ONG-urilor, ai institu\u021biilor culturale, educa\u021bionale \u0219i politice din Timi\u0219oara. Pre\u0219edintele organiza\u021biei este Tam\u00e1s P\u00e9ter, consulul onorific al Ungariei la Timi\u0219oara. Prezidiul organiza\u021biei este compus din: Erdei Ildik\u00f3, Gazda Istv\u00e1n, K\u00e1sa Zsolt, Szilv\u00e1gyi Zsolt, S\u00fct\u0151-Udvari Magdolna, Metz Rita. Deja \u00eenainte de \u00eenfiin\u021barea organiza\u021biei ca persoan\u0103 juridic\u0103, am deschis dialogul \u0219i am avut \u00eent\u00e2lniri cu reprezentan\u021bii institu\u021biilor locale \u0219i a organiza\u021biilor neguvernamentele care activeaz\u0103 \u00een domeniul culturii \u0219i a minorit\u0103\u021bilor etnice \u00een Timi\u0219oara pentru a pune temelia unei colabor\u0103ri \u00een ceea ce prive\u0219te organizarea acestui eveniment de mare anvergur\u0103. Prim\u0103ria Timi\u0219oara ne-a asigurat de sprijinul institu\u021bional \u00een ceea ce prive\u0219te organizarea Zilelor Culturale Maghiare din Timi\u0219oara.<\/p>\t\t\t\t\t\t\t\t<\/div>\n\t\t\t\t\t<\/div>\n\t\t<\/div>\n\t\t\t\t\t<\/div>\n\t\t<\/section>\n\t\t\t\t<\/div>\n\t\t","protected":false},"excerpt":{"rendered":"<p>Asocia\u0163ia BASTION este o asocia\u021bie \u00eenfiin\u021bat\u0103 \u00een 2016, cu scopul de a sus\u021bine \u0219i a populariza valorile culturale ale minorit\u0103\u021bilor etnice din Banat precum \u0219i promovarea dialogului intercultural. Unul din obiectivele principale ale asocia\u021biei este organizarea Zilelor Culturale Maghiare din Timi\u0219oara. Membrii fondatori ai asocia\u021biei sunt persoane fizice, reprezentan\u021bi ai ONG-urilor, ai institu\u021biilor culturale, educa\u021bionale [&hellip;]<\/p>\n","protected":false},"author":1,"featured_media":13,"parent":0,"menu_order":0,"comment_status":"closed","ping_status":"closed","template":"","meta":{"_eb_attr":"","footnotes":""},"class_list":["post-141","page","type-page","status-publish","has-post-thumbnail","hentry"],"_links":{"self":[{"href":"https:\/\/zilelemaghiaretm.ro\/2025\/wp-json\/wp\/v2\/pages\/141","targetHints":{"allow":["GET"]}}],"collection":[{"href":"https:\/\/zilelemaghiaretm.ro\/2025\/wp-json\/wp\/v2\/pages"}],"about":[{"href":"https:\/\/zilelemaghiaretm.ro\/2025\/wp-json\/wp\/v2\/types\/page"}],"author":[{"embeddable":true,"href":"https:\/\/zilelemaghiaretm.ro\/2025\/wp-json\/wp\/v2\/users\/1"}],"replies":[{"embeddable":true,"href":"https:\/\/zilelemaghiaretm.ro\/2025\/wp-json\/wp\/v2\/comments?post=141"}],"version-history":[{"count":5,"href":"https:\/\/zilelemaghiaretm.ro\/2025\/wp-json\/wp\/v2\/pages\/141\/revisions"}],"predecessor-version":[{"id":257,"href":"https:\/\/zilelemaghiaretm.ro\/2025\/wp-json\/wp\/v2\/pages\/141\/revisions\/257"}],"wp:featuredmedia":[{"embeddable":true,"href":"https:\/\/zilelemaghiaretm.ro\/2025\/wp-json\/wp\/v2\/media\/13"}],"wp:attachment":[{"href":"https:\/\/zilelemaghiaretm.ro\/2025\/wp-json\/wp\/v2\/media?parent=141"}],"curies":[{"name":"wp","href":"https:\/\/api.w.org\/{rel}","templated":true}]}}