{"id":71,"date":"2025-09-17T17:39:05","date_gmt":"2025-09-17T17:39:05","guid":{"rendered":"https:\/\/zilelemaghiaretm.ro\/2025\/?page_id=71"},"modified":"2025-09-18T17:02:25","modified_gmt":"2025-09-18T14:02:25","slug":"home","status":"publish","type":"page","link":"https:\/\/zilelemaghiaretm.ro\/2025\/","title":{"rendered":"home"},"content":{"rendered":"\t\t<div data-elementor-type=\"wp-page\" data-elementor-id=\"71\" class=\"elementor elementor-71\" data-elementor-post-type=\"page\">\n\t\t\t\t\t\t<section class=\"elementor-section elementor-top-section elementor-element elementor-element-70f87c7c elementor-section-full_width elementor-section-content-top elementor-section-height-default elementor-section-height-default\" data-id=\"70f87c7c\" data-element_type=\"section\" data-settings=\"{&quot;background_background&quot;:&quot;classic&quot;}\">\n\t\t\t\t\t\t<div class=\"elementor-container elementor-column-gap-no\">\n\t\t\t\t\t<div class=\"elementor-column elementor-col-100 elementor-top-column elementor-element elementor-element-6987f5a3\" data-id=\"6987f5a3\" data-element_type=\"column\" data-settings=\"{&quot;background_background&quot;:&quot;classic&quot;}\">\n\t\t\t<div class=\"elementor-widget-wrap elementor-element-populated\">\n\t\t\t\t\t\t<div class=\"elementor-element elementor-element-5f4292c6 elementor--v-position-bottom elementor--h-position-center elementor-arrows-position-inside elementor-pagination-position-inside elementor-widget elementor-widget-slides\" data-id=\"5f4292c6\" data-element_type=\"widget\" data-settings=\"{&quot;navigation&quot;:&quot;both&quot;,&quot;autoplay&quot;:&quot;yes&quot;,&quot;pause_on_hover&quot;:&quot;yes&quot;,&quot;pause_on_interaction&quot;:&quot;yes&quot;,&quot;autoplay_speed&quot;:5000,&quot;infinite&quot;:&quot;yes&quot;,&quot;transition&quot;:&quot;slide&quot;,&quot;transition_speed&quot;:500}\" data-widget_type=\"slides.default\">\n\t\t\t\t\t\t\t\t\t\t<div class=\"elementor-slides-wrapper elementor-main-swiper swiper\" role=\"region\" aria-roledescription=\"carousel\" aria-label=\"Di\u00e1k\" dir=\"ltr\" data-animation=\"fadeInUp\">\n\t\t\t\t<div class=\"swiper-wrapper elementor-slides\">\n\t\t\t\t\t\t\t\t\t\t<div class=\"elementor-repeater-item-91e5deb swiper-slide\" role=\"group\" aria-roledescription=\"slide\"><div class=\"swiper-slide-bg\" role=\"img\"><\/div><div class=\"swiper-slide-inner\" ><div class=\"swiper-slide-contents\"><div class=\"elementor-slide-heading\">R\u00fazsa Magdi<\/div><div  class=\"elementor-button elementor-slide-button elementor-size-sm\">Sept. 27., 20:00<\/div><\/div><\/div><\/div><div class=\"elementor-repeater-item-ed050b7 swiper-slide\" role=\"group\" aria-roledescription=\"slide\"><div class=\"swiper-slide-bg\" role=\"img\"><\/div><div class=\"swiper-slide-inner\" ><div class=\"swiper-slide-contents\"><div class=\"elementor-slide-heading\">Edda M\u0171vek<\/div><div  class=\"elementor-button elementor-slide-button elementor-size-sm\">Sept. 28., 20:00<\/div><\/div><\/div><\/div><div class=\"elementor-repeater-item-8491023 swiper-slide\" role=\"group\" aria-roledescription=\"slide\"><div class=\"swiper-slide-bg\" role=\"img\"><\/div><div class=\"swiper-slide-inner\" ><div class=\"swiper-slide-contents\"><div class=\"elementor-slide-heading\">Koszika & S\u00e1rik P\u00e9ter Tri\u00f3<\/div><div  class=\"elementor-button elementor-slide-button elementor-size-sm\">Sept. 24., 18:00<\/div><\/div><\/div><\/div><div class=\"elementor-repeater-item-e8ae0bb swiper-slide\" role=\"group\" aria-roledescription=\"slide\"><div class=\"swiper-slide-bg\" role=\"img\"><\/div><div class=\"swiper-slide-inner\" ><div class=\"swiper-slide-contents\"><div class=\"elementor-slide-heading\">Sin Seekas<\/div><div  class=\"elementor-button elementor-slide-button elementor-size-sm\">Sept. 28., 16:00<\/div><\/div><\/div><\/div><div class=\"elementor-repeater-item-0fe0d6f swiper-slide\" role=\"group\" aria-roledescription=\"slide\"><div class=\"swiper-slide-bg\" role=\"img\"><\/div><div class=\"swiper-slide-inner\" ><div class=\"swiper-slide-contents\"><div class=\"elementor-slide-heading\">Hungarian Rapsody<\/div><div  class=\"elementor-button elementor-slide-button elementor-size-sm\">Sept. 28., 18:00<\/div><\/div><\/div><\/div><div class=\"elementor-repeater-item-ba6a08b swiper-slide\" role=\"group\" aria-roledescription=\"slide\"><div class=\"swiper-slide-bg\" role=\"img\"><\/div><div class=\"swiper-slide-inner\" ><div class=\"swiper-slide-contents\"><div class=\"elementor-slide-heading\">Szak\u00e1cs Erika<\/div><div  class=\"elementor-button elementor-slide-button elementor-size-sm\">Sept. 27., 18:00<\/div><\/div><\/div><\/div>\t\t\t\t<\/div>\n\t\t\t\t\t\t\t\t\t\t\t\t\t\t\t<div class=\"elementor-swiper-button elementor-swiper-button-prev\" role=\"button\" tabindex=\"0\" aria-label=\"Previous slide\">\n\t\t\t\t\t\t\t<svg aria-hidden=\"true\" class=\"e-font-icon-svg e-eicon-chevron-left\" viewBox=\"0 0 1000 1000\" xmlns=\"http:\/\/www.w3.org\/2000\/svg\"><path d=\"M646 125C629 125 613 133 604 142L308 442C296 454 292 471 292 487 292 504 296 521 308 533L604 854C617 867 629 875 646 875 663 875 679 871 692 858 704 846 713 829 713 812 713 796 708 779 692 767L438 487 692 225C700 217 708 204 708 187 708 171 704 154 692 142 675 129 663 125 646 125Z\"><\/path><\/svg>\t\t\t\t\t\t<\/div>\n\t\t\t\t\t\t<div class=\"elementor-swiper-button elementor-swiper-button-next\" role=\"button\" tabindex=\"0\" aria-label=\"Next slide\">\n\t\t\t\t\t\t\t<svg aria-hidden=\"true\" class=\"e-font-icon-svg e-eicon-chevron-right\" viewBox=\"0 0 1000 1000\" xmlns=\"http:\/\/www.w3.org\/2000\/svg\"><path d=\"M696 533C708 521 713 504 713 487 713 471 708 454 696 446L400 146C388 133 375 125 354 125 338 125 325 129 313 142 300 154 292 171 292 187 292 204 296 221 308 233L563 492 304 771C292 783 288 800 288 817 288 833 296 850 308 863 321 871 338 875 354 875 371 875 388 867 400 854L696 533Z\"><\/path><\/svg>\t\t\t\t\t\t<\/div>\n\t\t\t\t\t\t\t\t\t\t\t\t\t\t\t\t<div class=\"swiper-pagination\"><\/div>\n\t\t\t\t\t\t\t\t\t\t\t\t<\/div>\n\t\t\t\t\t\t\t\t<\/div>\n\t\t\t\t\t<\/div>\n\t\t<\/div>\n\t\t\t\t\t<\/div>\n\t\t<\/section>\n\t\t\t\t<section class=\"elementor-section elementor-top-section elementor-element elementor-element-315a3551 elementor-section-full_width elementor-section-height-min-height elementor-section-height-default elementor-section-items-middle\" data-id=\"315a3551\" data-element_type=\"section\" data-settings=\"{&quot;background_background&quot;:&quot;classic&quot;}\">\n\t\t\t\t\t\t<div class=\"elementor-container elementor-column-gap-wide\">\n\t\t\t\t\t<div class=\"elementor-column elementor-col-100 elementor-top-column elementor-element elementor-element-4fcc8f44\" data-id=\"4fcc8f44\" data-element_type=\"column\">\n\t\t\t<div class=\"elementor-widget-wrap\">\n\t\t\t\t\t\t\t<\/div>\n\t\t<\/div>\n\t\t\t\t\t<\/div>\n\t\t<\/section>\n\t\t\t\t<section class=\"elementor-section elementor-top-section elementor-element elementor-element-62504726 elementor-section-full_width elementor-section-height-default elementor-section-height-default\" data-id=\"62504726\" data-element_type=\"section\" data-settings=\"{&quot;background_background&quot;:&quot;classic&quot;}\">\n\t\t\t\t\t\t<div class=\"elementor-container elementor-column-gap-no\">\n\t\t\t\t\t<div class=\"elementor-column elementor-col-100 elementor-top-column elementor-element elementor-element-b8ec35d\" data-id=\"b8ec35d\" data-element_type=\"column\">\n\t\t\t<div class=\"elementor-widget-wrap elementor-element-populated\">\n\t\t\t\t\t\t<section class=\"elementor-section elementor-inner-section elementor-element elementor-element-3d4176b5 elementor-section-full_width elementor-section-height-min-height elementor-section-content-middle elementor-section-height-default\" data-id=\"3d4176b5\" data-element_type=\"section\">\n\t\t\t\t\t\t<div class=\"elementor-container elementor-column-gap-narrow\">\n\t\t\t\t\t<div class=\"elementor-column elementor-col-33 elementor-inner-column elementor-element elementor-element-4e83bbca\" data-id=\"4e83bbca\" data-element_type=\"column\">\n\t\t\t<div class=\"elementor-widget-wrap elementor-element-populated\">\n\t\t\t\t\t\t<div class=\"elementor-element elementor-element-543c37d4 elementor-widget elementor-widget-image\" data-id=\"543c37d4\" data-element_type=\"widget\" data-widget_type=\"image.default\">\n\t\t\t\t\t\t\t\t\t\t\t\t\t\t\t<img fetchpriority=\"high\" decoding=\"async\" width=\"1080\" height=\"473\" src=\"https:\/\/zilelemaghiaretm.ro\/2025\/wp-content\/uploads\/2025\/09\/logo_1-ro.png\" class=\"attachment-full size-full wp-image-93\" alt=\"\" srcset=\"https:\/\/zilelemaghiaretm.ro\/2025\/wp-content\/uploads\/2025\/09\/logo_1-ro.png 1080w, https:\/\/zilelemaghiaretm.ro\/2025\/wp-content\/uploads\/2025\/09\/logo_1-ro-300x131.png 300w, https:\/\/zilelemaghiaretm.ro\/2025\/wp-content\/uploads\/2025\/09\/logo_1-ro-1024x448.png 1024w, https:\/\/zilelemaghiaretm.ro\/2025\/wp-content\/uploads\/2025\/09\/logo_1-ro-768x336.png 768w\" sizes=\"(max-width: 1080px) 100vw, 1080px\" \/>\t\t\t\t\t\t\t\t\t\t\t\t\t\t\t<\/div>\n\t\t\t\t\t<\/div>\n\t\t<\/div>\n\t\t\t\t<div class=\"elementor-column elementor-col-33 elementor-inner-column elementor-element elementor-element-3fdb8973\" data-id=\"3fdb8973\" data-element_type=\"column\">\n\t\t\t<div class=\"elementor-widget-wrap elementor-element-populated\">\n\t\t\t\t\t\t<div class=\"elementor-element elementor-element-7c245351 elementor-widget elementor-widget-image\" data-id=\"7c245351\" data-element_type=\"widget\" data-widget_type=\"image.default\">\n\t\t\t\t\t\t\t\t\t\t\t\t\t\t\t<img decoding=\"async\" width=\"1080\" height=\"875\" src=\"https:\/\/zilelemaghiaretm.ro\/2025\/wp-content\/uploads\/2025\/09\/logo_10-web.png\" class=\"attachment-full size-full wp-image-80\" alt=\"\" srcset=\"https:\/\/zilelemaghiaretm.ro\/2025\/wp-content\/uploads\/2025\/09\/logo_10-web.png 1080w, https:\/\/zilelemaghiaretm.ro\/2025\/wp-content\/uploads\/2025\/09\/logo_10-web-300x243.png 300w, https:\/\/zilelemaghiaretm.ro\/2025\/wp-content\/uploads\/2025\/09\/logo_10-web-1024x830.png 1024w, https:\/\/zilelemaghiaretm.ro\/2025\/wp-content\/uploads\/2025\/09\/logo_10-web-768x622.png 768w\" sizes=\"(max-width: 1080px) 100vw, 1080px\" \/>\t\t\t\t\t\t\t\t\t\t\t\t\t\t\t<\/div>\n\t\t\t\t\t<\/div>\n\t\t<\/div>\n\t\t\t\t<div class=\"elementor-column elementor-col-33 elementor-inner-column elementor-element elementor-element-217848ee\" data-id=\"217848ee\" data-element_type=\"column\">\n\t\t\t<div class=\"elementor-widget-wrap elementor-element-populated\">\n\t\t\t\t\t\t<div class=\"elementor-element elementor-element-7b2df1b0 elementor-widget elementor-widget-image\" data-id=\"7b2df1b0\" data-element_type=\"widget\" data-widget_type=\"image.default\">\n\t\t\t\t\t\t\t\t\t\t\t\t\t\t\t\t<a href=\"https:\/\/zilelemaghiaretm.ro\/2025\/wp-content\/uploads\/2025\/09\/Zilele_Culturale_Maghiare_din_Timisoara_2025_caiet-program-web.pdf\" target=\"_blank\" rel=\"nofollow\">\n\t\t\t\t\t\t\t<img decoding=\"async\" width=\"500\" height=\"320\" src=\"https:\/\/zilelemaghiaretm.ro\/2025\/wp-content\/uploads\/2025\/09\/programfuzet-web-gomb-ro.png\" class=\"attachment-full size-full wp-image-95\" alt=\"\" srcset=\"https:\/\/zilelemaghiaretm.ro\/2025\/wp-content\/uploads\/2025\/09\/programfuzet-web-gomb-ro.png 500w, https:\/\/zilelemaghiaretm.ro\/2025\/wp-content\/uploads\/2025\/09\/programfuzet-web-gomb-ro-300x192.png 300w\" sizes=\"(max-width: 500px) 100vw, 500px\" \/>\t\t\t\t\t\t\t\t<\/a>\n\t\t\t\t\t\t\t\t\t\t\t\t\t\t\t<\/div>\n\t\t\t\t\t<\/div>\n\t\t<\/div>\n\t\t\t\t\t<\/div>\n\t\t<\/section>\n\t\t\t\t\t<\/div>\n\t\t<\/div>\n\t\t\t\t\t<\/div>\n\t\t<\/section>\n\t\t\t\t<section class=\"elementor-section elementor-top-section elementor-element elementor-element-62034698 elementor-section-full_width elementor-section-height-min-height elementor-section-height-default elementor-section-items-middle\" data-id=\"62034698\" data-element_type=\"section\" data-settings=\"{&quot;background_background&quot;:&quot;classic&quot;}\">\n\t\t\t\t\t\t<div class=\"elementor-container elementor-column-gap-wide\">\n\t\t\t\t\t<div class=\"elementor-column elementor-col-100 elementor-top-column elementor-element elementor-element-4e9372be\" data-id=\"4e9372be\" data-element_type=\"column\">\n\t\t\t<div class=\"elementor-widget-wrap\">\n\t\t\t\t\t\t\t<\/div>\n\t\t<\/div>\n\t\t\t\t\t<\/div>\n\t\t<\/section>\n\t\t\t\t<section class=\"elementor-section elementor-top-section elementor-element elementor-element-36dc838c elementor-section-boxed elementor-section-height-default elementor-section-height-default\" data-id=\"36dc838c\" data-element_type=\"section\" data-settings=\"{&quot;background_background&quot;:&quot;classic&quot;}\">\n\t\t\t\t\t\t<div class=\"elementor-container elementor-column-gap-default\">\n\t\t\t\t\t<div class=\"elementor-column elementor-col-100 elementor-top-column elementor-element elementor-element-275276c9\" data-id=\"275276c9\" data-element_type=\"column\">\n\t\t\t<div class=\"elementor-widget-wrap elementor-element-populated\">\n\t\t\t\t\t\t<div class=\"elementor-element elementor-element-47a817cb elementor-posts--align-center elementor-posts__hover-none elementor-grid-3 elementor-grid-tablet-2 elementor-grid-mobile-1 elementor-posts--thumbnail-top elementor-card-shadow-yes elementor-widget elementor-widget-posts\" data-id=\"47a817cb\" data-element_type=\"widget\" data-settings=\"{&quot;cards_masonry&quot;:&quot;yes&quot;,&quot;cards_row_gap&quot;:{&quot;unit&quot;:&quot;px&quot;,&quot;size&quot;:30,&quot;sizes&quot;:[]},&quot;cards_columns&quot;:&quot;3&quot;,&quot;cards_columns_tablet&quot;:&quot;2&quot;,&quot;cards_columns_mobile&quot;:&quot;1&quot;,&quot;cards_row_gap_tablet&quot;:{&quot;unit&quot;:&quot;px&quot;,&quot;size&quot;:&quot;&quot;,&quot;sizes&quot;:[]},&quot;cards_row_gap_mobile&quot;:{&quot;unit&quot;:&quot;px&quot;,&quot;size&quot;:&quot;&quot;,&quot;sizes&quot;:[]}}\" data-widget_type=\"posts.cards\">\n\t\t\t\t<div class=\"elementor-widget-container\">\n\t\t\t\t\t\t\t<div class=\"elementor-posts-container elementor-posts elementor-posts--skin-cards elementor-grid\" role=\"list\">\n\t\t\t\t<article class=\"elementor-post elementor-grid-item post-131 post type-post status-publish format-standard has-post-thumbnail hentry category-uncategorized\" role=\"listitem\">\n\t\t\t<div class=\"elementor-post__card\">\n\t\t\t\t<a class=\"elementor-post__thumbnail__link\" href=\"https:\/\/zilelemaghiaretm.ro\/2025\/concert-edda-muvek\/\" tabindex=\"-1\" ><div class=\"elementor-post__thumbnail\"><img loading=\"lazy\" decoding=\"async\" width=\"1280\" height=\"720\" src=\"https:\/\/zilelemaghiaretm.ro\/2025\/wp-content\/uploads\/2025\/09\/Edda-w-1.jpg\" class=\"attachment-full size-full wp-image-109\" alt=\"\" srcset=\"https:\/\/zilelemaghiaretm.ro\/2025\/wp-content\/uploads\/2025\/09\/Edda-w-1.jpg 1280w, https:\/\/zilelemaghiaretm.ro\/2025\/wp-content\/uploads\/2025\/09\/Edda-w-1-300x169.jpg 300w, https:\/\/zilelemaghiaretm.ro\/2025\/wp-content\/uploads\/2025\/09\/Edda-w-1-1024x576.jpg 1024w, https:\/\/zilelemaghiaretm.ro\/2025\/wp-content\/uploads\/2025\/09\/Edda-w-1-768x432.jpg 768w\" sizes=\"(max-width: 1280px) 100vw, 1280px\" \/><\/div><\/a>\n\t\t\t\t<div class=\"elementor-post__text\">\n\t\t\t\t<h3 class=\"elementor-post__title\">\n\t\t\t<a href=\"https:\/\/zilelemaghiaretm.ro\/2025\/concert-edda-muvek\/\" >\n\t\t\t\tConcert EDDA M\u0171vek\t\t\t<\/a>\n\t\t<\/h3>\n\t\t\t\t<\/div>\n\t\t\t\t\t<\/div>\n\t\t<\/article>\n\t\t\t\t<article class=\"elementor-post elementor-grid-item post-129 post type-post status-publish format-standard has-post-thumbnail hentry category-uncategorized\" role=\"listitem\">\n\t\t\t<div class=\"elementor-post__card\">\n\t\t\t\t<a class=\"elementor-post__thumbnail__link\" href=\"https:\/\/zilelemaghiaretm.ro\/2025\/concert-ruzsa-magdi\/\" tabindex=\"-1\" ><div class=\"elementor-post__thumbnail\"><img loading=\"lazy\" decoding=\"async\" width=\"1280\" height=\"720\" src=\"https:\/\/zilelemaghiaretm.ro\/2025\/wp-content\/uploads\/2025\/09\/Ruzsa-Magdi-w-1.jpg\" class=\"attachment-full size-full wp-image-114\" alt=\"\" srcset=\"https:\/\/zilelemaghiaretm.ro\/2025\/wp-content\/uploads\/2025\/09\/Ruzsa-Magdi-w-1.jpg 1280w, https:\/\/zilelemaghiaretm.ro\/2025\/wp-content\/uploads\/2025\/09\/Ruzsa-Magdi-w-1-300x169.jpg 300w, https:\/\/zilelemaghiaretm.ro\/2025\/wp-content\/uploads\/2025\/09\/Ruzsa-Magdi-w-1-1024x576.jpg 1024w, https:\/\/zilelemaghiaretm.ro\/2025\/wp-content\/uploads\/2025\/09\/Ruzsa-Magdi-w-1-768x432.jpg 768w\" sizes=\"(max-width: 1280px) 100vw, 1280px\" \/><\/div><\/a>\n\t\t\t\t<div class=\"elementor-post__text\">\n\t\t\t\t<h3 class=\"elementor-post__title\">\n\t\t\t<a href=\"https:\/\/zilelemaghiaretm.ro\/2025\/concert-ruzsa-magdi\/\" >\n\t\t\t\tConcert R\u00fazsa Magdi\t\t\t<\/a>\n\t\t<\/h3>\n\t\t\t\t<\/div>\n\t\t\t\t\t<\/div>\n\t\t<\/article>\n\t\t\t\t<article class=\"elementor-post elementor-grid-item post-127 post type-post status-publish format-standard has-post-thumbnail hentry category-uncategorized\" role=\"listitem\">\n\t\t\t<div class=\"elementor-post__card\">\n\t\t\t\t<a class=\"elementor-post__thumbnail__link\" href=\"https:\/\/zilelemaghiaretm.ro\/2025\/zambetul-campiei-transilvaniei-spectacol-al-ansamblului-de-dansuri-muresul\/\" tabindex=\"-1\" ><div class=\"elementor-post__thumbnail\"><img loading=\"lazy\" decoding=\"async\" width=\"1280\" height=\"721\" src=\"https:\/\/zilelemaghiaretm.ro\/2025\/wp-content\/uploads\/2025\/09\/Neptancgala-w.jpg\" class=\"attachment-full size-full wp-image-113\" alt=\"\" srcset=\"https:\/\/zilelemaghiaretm.ro\/2025\/wp-content\/uploads\/2025\/09\/Neptancgala-w.jpg 1280w, https:\/\/zilelemaghiaretm.ro\/2025\/wp-content\/uploads\/2025\/09\/Neptancgala-w-300x169.jpg 300w, https:\/\/zilelemaghiaretm.ro\/2025\/wp-content\/uploads\/2025\/09\/Neptancgala-w-1024x577.jpg 1024w, https:\/\/zilelemaghiaretm.ro\/2025\/wp-content\/uploads\/2025\/09\/Neptancgala-w-768x433.jpg 768w\" sizes=\"(max-width: 1280px) 100vw, 1280px\" \/><\/div><\/a>\n\t\t\t\t<div class=\"elementor-post__text\">\n\t\t\t\t<h3 class=\"elementor-post__title\">\n\t\t\t<a href=\"https:\/\/zilelemaghiaretm.ro\/2025\/zambetul-campiei-transilvaniei-spectacol-al-ansamblului-de-dansuri-muresul\/\" >\n\t\t\t\tZ\u00e2mbetul C\u00e2mpiei Transilvaniei &#8211; spectacol al Ansamblului de dansuri Mure\u0219ul\t\t\t<\/a>\n\t\t<\/h3>\n\t\t\t\t<\/div>\n\t\t\t\t\t<\/div>\n\t\t<\/article>\n\t\t\t\t<article class=\"elementor-post elementor-grid-item post-125 post type-post status-publish format-standard has-post-thumbnail hentry category-uncategorized\" role=\"listitem\">\n\t\t\t<div class=\"elementor-post__card\">\n\t\t\t\t<a class=\"elementor-post__thumbnail__link\" href=\"https:\/\/zilelemaghiaretm.ro\/2025\/concertul-tarafului-din-ceuas\/\" tabindex=\"-1\" ><div class=\"elementor-post__thumbnail\"><img loading=\"lazy\" decoding=\"async\" width=\"1280\" height=\"720\" src=\"https:\/\/zilelemaghiaretm.ro\/2025\/wp-content\/uploads\/2025\/09\/szaszcsavasi-zenekar-w.jpg\" class=\"attachment-full size-full wp-image-117\" alt=\"\" srcset=\"https:\/\/zilelemaghiaretm.ro\/2025\/wp-content\/uploads\/2025\/09\/szaszcsavasi-zenekar-w.jpg 1280w, https:\/\/zilelemaghiaretm.ro\/2025\/wp-content\/uploads\/2025\/09\/szaszcsavasi-zenekar-w-300x169.jpg 300w, https:\/\/zilelemaghiaretm.ro\/2025\/wp-content\/uploads\/2025\/09\/szaszcsavasi-zenekar-w-1024x576.jpg 1024w, https:\/\/zilelemaghiaretm.ro\/2025\/wp-content\/uploads\/2025\/09\/szaszcsavasi-zenekar-w-768x432.jpg 768w\" sizes=\"(max-width: 1280px) 100vw, 1280px\" \/><\/div><\/a>\n\t\t\t\t<div class=\"elementor-post__text\">\n\t\t\t\t<h3 class=\"elementor-post__title\">\n\t\t\t<a href=\"https:\/\/zilelemaghiaretm.ro\/2025\/concertul-tarafului-din-ceuas\/\" >\n\t\t\t\tConcertul Tarafului din Ceua\u0219\t\t\t<\/a>\n\t\t<\/h3>\n\t\t\t\t<\/div>\n\t\t\t\t\t<\/div>\n\t\t<\/article>\n\t\t\t\t<article class=\"elementor-post elementor-grid-item post-123 post type-post status-publish format-standard has-post-thumbnail hentry category-uncategorized\" role=\"listitem\">\n\t\t\t<div class=\"elementor-post__card\">\n\t\t\t\t<a class=\"elementor-post__thumbnail__link\" href=\"https:\/\/zilelemaghiaretm.ro\/2025\/concert-erika-szakacs\/\" tabindex=\"-1\" ><div class=\"elementor-post__thumbnail\"><img loading=\"lazy\" decoding=\"async\" width=\"1280\" height=\"720\" src=\"https:\/\/zilelemaghiaretm.ro\/2025\/wp-content\/uploads\/2025\/09\/Szakacs-Erika-w-1.jpg\" class=\"attachment-full size-full wp-image-116\" alt=\"\" srcset=\"https:\/\/zilelemaghiaretm.ro\/2025\/wp-content\/uploads\/2025\/09\/Szakacs-Erika-w-1.jpg 1280w, https:\/\/zilelemaghiaretm.ro\/2025\/wp-content\/uploads\/2025\/09\/Szakacs-Erika-w-1-300x169.jpg 300w, https:\/\/zilelemaghiaretm.ro\/2025\/wp-content\/uploads\/2025\/09\/Szakacs-Erika-w-1-1024x576.jpg 1024w, https:\/\/zilelemaghiaretm.ro\/2025\/wp-content\/uploads\/2025\/09\/Szakacs-Erika-w-1-768x432.jpg 768w\" sizes=\"(max-width: 1280px) 100vw, 1280px\" \/><\/div><\/a>\n\t\t\t\t<div class=\"elementor-post__text\">\n\t\t\t\t<h3 class=\"elementor-post__title\">\n\t\t\t<a href=\"https:\/\/zilelemaghiaretm.ro\/2025\/concert-erika-szakacs\/\" >\n\t\t\t\tConcert Erika Szak\u00e1cs\t\t\t<\/a>\n\t\t<\/h3>\n\t\t\t\t<\/div>\n\t\t\t\t\t<\/div>\n\t\t<\/article>\n\t\t\t\t<article class=\"elementor-post elementor-grid-item post-121 post type-post status-publish format-standard has-post-thumbnail hentry category-uncategorized\" role=\"listitem\">\n\t\t\t<div class=\"elementor-post__card\">\n\t\t\t\t<a class=\"elementor-post__thumbnail__link\" href=\"https:\/\/zilelemaghiaretm.ro\/2025\/interactiuni-harpa-pensula\/\" tabindex=\"-1\" ><div class=\"elementor-post__thumbnail\"><img loading=\"lazy\" decoding=\"async\" width=\"1280\" height=\"720\" src=\"https:\/\/zilelemaghiaretm.ro\/2025\/wp-content\/uploads\/2025\/09\/Harfa-szombat-w.jpg\" class=\"attachment-full size-full wp-image-110\" alt=\"\" srcset=\"https:\/\/zilelemaghiaretm.ro\/2025\/wp-content\/uploads\/2025\/09\/Harfa-szombat-w.jpg 1280w, https:\/\/zilelemaghiaretm.ro\/2025\/wp-content\/uploads\/2025\/09\/Harfa-szombat-w-300x169.jpg 300w, https:\/\/zilelemaghiaretm.ro\/2025\/wp-content\/uploads\/2025\/09\/Harfa-szombat-w-1024x576.jpg 1024w, https:\/\/zilelemaghiaretm.ro\/2025\/wp-content\/uploads\/2025\/09\/Harfa-szombat-w-768x432.jpg 768w\" sizes=\"(max-width: 1280px) 100vw, 1280px\" \/><\/div><\/a>\n\t\t\t\t<div class=\"elementor-post__text\">\n\t\t\t\t<h3 class=\"elementor-post__title\">\n\t\t\t<a href=\"https:\/\/zilelemaghiaretm.ro\/2025\/interactiuni-harpa-pensula\/\" >\n\t\t\t\tInterac\u021biuni (harp\u0103 &#8211; pensul\u0103)\t\t\t<\/a>\n\t\t<\/h3>\n\t\t\t\t<\/div>\n\t\t\t\t\t<\/div>\n\t\t<\/article>\n\t\t\t\t<\/div>\n\t\t\n\t\t\t\t\t\t<\/div>\n\t\t\t\t<\/div>\n\t\t\t\t\t<\/div>\n\t\t<\/div>\n\t\t\t\t\t<\/div>\n\t\t<\/section>\n\t\t\t\t<section class=\"elementor-section elementor-top-section elementor-element elementor-element-456c3eba elementor-hidden-desktop elementor-hidden-tablet elementor-hidden-mobile elementor-section-boxed elementor-section-height-default elementor-section-height-default\" data-id=\"456c3eba\" data-element_type=\"section\">\n\t\t\t\t\t\t<div class=\"elementor-container elementor-column-gap-default\">\n\t\t\t\t\t<div class=\"elementor-column elementor-col-100 elementor-top-column elementor-element elementor-element-5a5cd458\" data-id=\"5a5cd458\" data-element_type=\"column\">\n\t\t\t<div class=\"elementor-widget-wrap elementor-element-populated\">\n\t\t\t\t\t\t<div class=\"elementor-element elementor-element-5d3ba389 elementor-widget elementor-widget-image\" data-id=\"5d3ba389\" data-element_type=\"widget\" data-widget_type=\"image.default\">\n\t\t\t\t\t\t\t\t\t\t\t\t\t\t\t\t<a href=\"https:\/\/temesvarimagyarnapok.ro\/2023\/tamogatok\/\">\n\t\t\t\t\t\t\t<img loading=\"lazy\" decoding=\"async\" width=\"1920\" height=\"582\" src=\"https:\/\/zilelemaghiaretm.ro\/2025\/wp-content\/uploads\/2025\/09\/tamogatok-fo1-2.jpg\" class=\"attachment-full size-full wp-image-82\" alt=\"\" srcset=\"https:\/\/zilelemaghiaretm.ro\/2025\/wp-content\/uploads\/2025\/09\/tamogatok-fo1-2.jpg 1920w, https:\/\/zilelemaghiaretm.ro\/2025\/wp-content\/uploads\/2025\/09\/tamogatok-fo1-2-300x91.jpg 300w, https:\/\/zilelemaghiaretm.ro\/2025\/wp-content\/uploads\/2025\/09\/tamogatok-fo1-2-1024x310.jpg 1024w, https:\/\/zilelemaghiaretm.ro\/2025\/wp-content\/uploads\/2025\/09\/tamogatok-fo1-2-768x233.jpg 768w, https:\/\/zilelemaghiaretm.ro\/2025\/wp-content\/uploads\/2025\/09\/tamogatok-fo1-2-1536x466.jpg 1536w\" sizes=\"(max-width: 1920px) 100vw, 1920px\" \/>\t\t\t\t\t\t\t\t<\/a>\n\t\t\t\t\t\t\t\t\t\t\t\t\t\t\t<\/div>\n\t\t\t\t\t<\/div>\n\t\t<\/div>\n\t\t\t\t\t<\/div>\n\t\t<\/section>\n\t\t<div class=\"elementor-element elementor-element-327d3ba7 e-con-full e-flex e-con e-parent\" data-id=\"327d3ba7\" data-element_type=\"container\" data-settings=\"{&quot;background_background&quot;:&quot;classic&quot;}\">\n\t\t\t\t<div class=\"elementor-element elementor-element-72516f1e elementor-widget elementor-widget-image\" data-id=\"72516f1e\" data-element_type=\"widget\" data-widget_type=\"image.default\">\n\t\t\t\t\t\t\t\t\t\t\t\t\t\t\t<img loading=\"lazy\" decoding=\"async\" width=\"800\" height=\"242\" src=\"https:\/\/zilelemaghiaretm.ro\/2025\/wp-content\/uploads\/2025\/09\/fin-de-mun-tim_2.png\" class=\"attachment-large size-large wp-image-83\" alt=\"\" srcset=\"https:\/\/zilelemaghiaretm.ro\/2025\/wp-content\/uploads\/2025\/09\/fin-de-mun-tim_2.png 800w, https:\/\/zilelemaghiaretm.ro\/2025\/wp-content\/uploads\/2025\/09\/fin-de-mun-tim_2-300x91.png 300w, https:\/\/zilelemaghiaretm.ro\/2025\/wp-content\/uploads\/2025\/09\/fin-de-mun-tim_2-768x232.png 768w\" sizes=\"(max-width: 800px) 100vw, 800px\" \/>\t\t\t\t\t\t\t\t\t\t\t\t\t\t\t<\/div>\n\t\t\t\t<\/div>\n\t\t\t\t<\/div>\n\t\t","protected":false},"excerpt":{"rendered":"<p>R\u00fazsa MagdiSept. 27., 20:00Edda M\u0171vekSept. 28., 20:00Koszika &#038; S\u00e1rik P\u00e9ter Tri\u00f3Sept. 24., 18:00Sin SeekasSept. 28., 16:00Hungarian RapsodySept. 28., 18:00Szak\u00e1cs ErikaSept. 27., 18:00<\/p>\n","protected":false},"author":1,"featured_media":13,"parent":0,"menu_order":0,"comment_status":"closed","ping_status":"closed","template":"","meta":{"_eb_attr":"","footnotes":""},"class_list":["post-71","page","type-page","status-publish","has-post-thumbnail","hentry"],"_links":{"self":[{"href":"https:\/\/zilelemaghiaretm.ro\/2025\/wp-json\/wp\/v2\/pages\/71","targetHints":{"allow":["GET"]}}],"collection":[{"href":"https:\/\/zilelemaghiaretm.ro\/2025\/wp-json\/wp\/v2\/pages"}],"about":[{"href":"https:\/\/zilelemaghiaretm.ro\/2025\/wp-json\/wp\/v2\/types\/page"}],"author":[{"embeddable":true,"href":"https:\/\/zilelemaghiaretm.ro\/2025\/wp-json\/wp\/v2\/users\/1"}],"replies":[{"embeddable":true,"href":"https:\/\/zilelemaghiaretm.ro\/2025\/wp-json\/wp\/v2\/comments?post=71"}],"version-history":[{"count":14,"href":"https:\/\/zilelemaghiaretm.ro\/2025\/wp-json\/wp\/v2\/pages\/71\/revisions"}],"predecessor-version":[{"id":275,"href":"https:\/\/zilelemaghiaretm.ro\/2025\/wp-json\/wp\/v2\/pages\/71\/revisions\/275"}],"wp:featuredmedia":[{"embeddable":true,"href":"https:\/\/zilelemaghiaretm.ro\/2025\/wp-json\/wp\/v2\/media\/13"}],"wp:attachment":[{"href":"https:\/\/zilelemaghiaretm.ro\/2025\/wp-json\/wp\/v2\/media?parent=71"}],"curies":[{"name":"wp","href":"https:\/\/api.w.org\/{rel}","templated":true}]}}